{"id":699,"date":"2022-05-05T09:36:00","date_gmt":"2022-05-05T07:36:00","guid":{"rendered":"http:\/\/127.0.0.1:8080\/leistungen\/bancos-core-banking\/"},"modified":"2026-03-23T12:21:46","modified_gmt":"2026-03-23T10:21:46","slug":"bancos-core-banking","status":"publish","type":"page","link":"https:\/\/bancos.com\/en\/services\/bancos-core-banking\/","title":{"rendered":"BANCOS. Core Banking"},"content":{"rendered":"","protected":false},"excerpt":{"rendered":"","protected":false},"author":3,"featured_media":0,"parent":698,"menu_order":0,"comment_status":"closed","ping_status":"closed","template":"single-service-page.php","meta":{"_acf_changed":false,"footnotes":""},"class_list":["post-699","page","type-page","status-publish","hentry"],"acf":[],"yoast_head":"<!-- This site is optimized with the Yoast SEO Premium plugin v27.3 (Yoast SEO v27.3) - https:\/\/yoast.com\/product\/yoast-seo-premium-wordpress\/ -->\n<title>The customizable core banking system with flexible API integration<\/title>\n<meta name=\"description\" content=\"Put your banking business on a flexible footing with our core banking system. 30+ years in the market + extensive German regulation.\" \/>\n<meta name=\"robots\" content=\"index, follow, max-snippet:-1, max-image-preview:large, max-video-preview:-1\" \/>\n<link rel=\"canonical\" href=\"https:\/\/bancos.com\/en\/services\/bancos-core-banking\/\" \/>\n<meta property=\"og:locale\" content=\"en_US\" \/>\n<meta property=\"og:type\" content=\"article\" \/>\n<meta property=\"og:title\" content=\"BANCOS. Core Banking\" \/>\n<meta property=\"og:description\" content=\"Put your banking business on a flexible footing with our core banking system. 30+ years in the market + extensive German regulation.\" \/>\n<meta property=\"og:url\" content=\"https:\/\/bancos.com\/en\/services\/bancos-core-banking\/\" \/>\n<meta property=\"og:site_name\" content=\"BANCOS (formerly G&amp;H Bankensoftware)\" \/>\n<meta property=\"article:modified_time\" content=\"2026-03-23T10:21:46+00:00\" \/>\n<meta property=\"og:image\" content=\"https:\/\/bancos.com\/wp-content\/uploads\/2025\/05\/blog-bancos-image.png\" \/>\n\t<meta property=\"og:image:width\" content=\"1272\" \/>\n\t<meta property=\"og:image:height\" content=\"1229\" \/>\n\t<meta property=\"og:image:type\" content=\"image\/png\" \/>\n<meta name=\"twitter:card\" content=\"summary_large_image\" \/>\n<script type=\"application\/ld+json\" class=\"yoast-schema-graph\">{\"@context\":\"https:\\\/\\\/schema.org\",\"@graph\":[{\"@type\":\"WebPage\",\"@id\":\"https:\\\/\\\/bancos.com\\\/en\\\/services\\\/bancos-core-banking\\\/\",\"url\":\"https:\\\/\\\/bancos.com\\\/en\\\/services\\\/bancos-core-banking\\\/\",\"name\":\"The customizable core banking system with flexible API integration\",\"isPartOf\":{\"@id\":\"https:\\\/\\\/bancos.com\\\/#website\"},\"datePublished\":\"2022-05-05T07:36:00+00:00\",\"dateModified\":\"2026-03-23T10:21:46+00:00\",\"description\":\"Put your banking business on a flexible footing with our core banking system. 30+ years in the market + extensive German regulation.\",\"breadcrumb\":{\"@id\":\"https:\\\/\\\/bancos.com\\\/en\\\/services\\\/bancos-core-banking\\\/#breadcrumb\"},\"inLanguage\":\"en-US\",\"potentialAction\":[{\"@type\":\"ReadAction\",\"target\":[\"https:\\\/\\\/bancos.com\\\/en\\\/services\\\/bancos-core-banking\\\/\"]}]},{\"@type\":\"BreadcrumbList\",\"@id\":\"https:\\\/\\\/bancos.com\\\/en\\\/services\\\/bancos-core-banking\\\/#breadcrumb\",\"itemListElement\":[{\"@type\":\"ListItem\",\"position\":1,\"name\":\"Startseite\",\"item\":\"https:\\\/\\\/bancos.com\\\/en\\\/\"},{\"@type\":\"ListItem\",\"position\":2,\"name\":\"Services\",\"item\":\"https:\\\/\\\/bancos.com\\\/en\\\/services\\\/\"},{\"@type\":\"ListItem\",\"position\":3,\"name\":\"BANCOS. Core Banking\"}]},{\"@type\":\"WebSite\",\"@id\":\"https:\\\/\\\/bancos.com\\\/#website\",\"url\":\"https:\\\/\\\/bancos.com\\\/\",\"name\":\"BANCOS | Software for Banks\",\"description\":\"formerly G&amp;H Bankensoftware\",\"publisher\":{\"@id\":\"https:\\\/\\\/bancos.com\\\/#organization\"},\"potentialAction\":[{\"@type\":\"SearchAction\",\"target\":{\"@type\":\"EntryPoint\",\"urlTemplate\":\"https:\\\/\\\/bancos.com\\\/?s={search_term_string}\"},\"query-input\":{\"@type\":\"PropertyValueSpecification\",\"valueRequired\":true,\"valueName\":\"search_term_string\"}}],\"inLanguage\":\"en-US\"},{\"@type\":\"Organization\",\"@id\":\"https:\\\/\\\/bancos.com\\\/#organization\",\"name\":\"BANCOS\",\"alternateName\":\"formerly G&H Bankensoftware AG\",\"url\":\"https:\\\/\\\/bancos.com\\\/\",\"logo\":{\"@type\":\"ImageObject\",\"inLanguage\":\"en-US\",\"@id\":\"https:\\\/\\\/bancos.com\\\/#\\\/schema\\\/logo\\\/image\\\/\",\"url\":\"https:\\\/\\\/bancos.com\\\/wp-content\\\/uploads\\\/2024\\\/06\\\/logo_bancos_color.png\",\"contentUrl\":\"https:\\\/\\\/bancos.com\\\/wp-content\\\/uploads\\\/2024\\\/06\\\/logo_bancos_color.png\",\"width\":945,\"height\":945,\"caption\":\"BANCOS\"},\"image\":{\"@id\":\"https:\\\/\\\/bancos.com\\\/#\\\/schema\\\/logo\\\/image\\\/\"},\"sameAs\":[\"https:\\\/\\\/www.linkedin.com\\\/company\\\/bancos-ag\\\/\",\"https:\\\/\\\/www.youtube.com\\\/@BANCOS-DE\"],\"description\":\"Seit der Gr\u00fcndung 1988 entwickeln wir unter der Marke BANCOS am Standort Berlin Software f\u00fcr Banken und Fintechs. Unsere Software-L\u00f6sungen in den Bereichen Kernbankensystem und Prozessautomatisierung sind bei nationalen wie internationalen Finanzinstituten im Einsatz.\",\"email\":\"kontakt@bancos.com\",\"telephone\":\"030 8845910\",\"legalName\":\"BANCOS AG\",\"foundingDate\":\"1988-06-01\",\"vatID\":\"DE136736732\",\"numberOfEmployees\":{\"@type\":\"QuantitativeValue\",\"minValue\":\"51\",\"maxValue\":\"200\"}}]}<\/script>\n<!-- \/ Yoast SEO Premium plugin. -->","yoast_head_json":{"title":"The customizable core banking system with flexible API integration","description":"Put your banking business on a flexible footing with our core banking system. 30+ years in the market + extensive German regulation.","robots":{"index":"index","follow":"follow","max-snippet":"max-snippet:-1","max-image-preview":"max-image-preview:large","max-video-preview":"max-video-preview:-1"},"canonical":"https:\/\/bancos.com\/en\/services\/bancos-core-banking\/","og_locale":"en_US","og_type":"article","og_title":"BANCOS. Core Banking","og_description":"Put your banking business on a flexible footing with our core banking system. 30+ years in the market + extensive German regulation.","og_url":"https:\/\/bancos.com\/en\/services\/bancos-core-banking\/","og_site_name":"BANCOS (formerly G&amp;H Bankensoftware)","article_modified_time":"2026-03-23T10:21:46+00:00","og_image":[{"width":1272,"height":1229,"url":"https:\/\/bancos.com\/wp-content\/uploads\/2025\/05\/blog-bancos-image.png","type":"image\/png"}],"twitter_card":"summary_large_image","schema":{"@context":"https:\/\/schema.org","@graph":[{"@type":"WebPage","@id":"https:\/\/bancos.com\/en\/services\/bancos-core-banking\/","url":"https:\/\/bancos.com\/en\/services\/bancos-core-banking\/","name":"The customizable core banking system with flexible API integration","isPartOf":{"@id":"https:\/\/bancos.com\/#website"},"datePublished":"2022-05-05T07:36:00+00:00","dateModified":"2026-03-23T10:21:46+00:00","description":"Put your banking business on a flexible footing with our core banking system. 30+ years in the market + extensive German regulation.","breadcrumb":{"@id":"https:\/\/bancos.com\/en\/services\/bancos-core-banking\/#breadcrumb"},"inLanguage":"en-US","potentialAction":[{"@type":"ReadAction","target":["https:\/\/bancos.com\/en\/services\/bancos-core-banking\/"]}]},{"@type":"BreadcrumbList","@id":"https:\/\/bancos.com\/en\/services\/bancos-core-banking\/#breadcrumb","itemListElement":[{"@type":"ListItem","position":1,"name":"Startseite","item":"https:\/\/bancos.com\/en\/"},{"@type":"ListItem","position":2,"name":"Services","item":"https:\/\/bancos.com\/en\/services\/"},{"@type":"ListItem","position":3,"name":"BANCOS. Core Banking"}]},{"@type":"WebSite","@id":"https:\/\/bancos.com\/#website","url":"https:\/\/bancos.com\/","name":"BANCOS | Software for Banks","description":"formerly G&amp;H Bankensoftware","publisher":{"@id":"https:\/\/bancos.com\/#organization"},"potentialAction":[{"@type":"SearchAction","target":{"@type":"EntryPoint","urlTemplate":"https:\/\/bancos.com\/?s={search_term_string}"},"query-input":{"@type":"PropertyValueSpecification","valueRequired":true,"valueName":"search_term_string"}}],"inLanguage":"en-US"},{"@type":"Organization","@id":"https:\/\/bancos.com\/#organization","name":"BANCOS","alternateName":"formerly G&H Bankensoftware AG","url":"https:\/\/bancos.com\/","logo":{"@type":"ImageObject","inLanguage":"en-US","@id":"https:\/\/bancos.com\/#\/schema\/logo\/image\/","url":"https:\/\/bancos.com\/wp-content\/uploads\/2024\/06\/logo_bancos_color.png","contentUrl":"https:\/\/bancos.com\/wp-content\/uploads\/2024\/06\/logo_bancos_color.png","width":945,"height":945,"caption":"BANCOS"},"image":{"@id":"https:\/\/bancos.com\/#\/schema\/logo\/image\/"},"sameAs":["https:\/\/www.linkedin.com\/company\/bancos-ag\/","https:\/\/www.youtube.com\/@BANCOS-DE"],"description":"Seit der Gr\u00fcndung 1988 entwickeln wir unter der Marke BANCOS am Standort Berlin Software f\u00fcr Banken und Fintechs. Unsere Software-L\u00f6sungen in den Bereichen Kernbankensystem und Prozessautomatisierung sind bei nationalen wie internationalen Finanzinstituten im Einsatz.","email":"kontakt@bancos.com","telephone":"030 8845910","legalName":"BANCOS AG","foundingDate":"1988-06-01","vatID":"DE136736732","numberOfEmployees":{"@type":"QuantitativeValue","minValue":"51","maxValue":"200"}}]}},"_links":{"self":[{"href":"https:\/\/bancos.com\/en\/wp-json\/wp\/v2\/pages\/699","targetHints":{"allow":["GET"]}}],"collection":[{"href":"https:\/\/bancos.com\/en\/wp-json\/wp\/v2\/pages"}],"about":[{"href":"https:\/\/bancos.com\/en\/wp-json\/wp\/v2\/types\/page"}],"author":[{"embeddable":true,"href":"https:\/\/bancos.com\/en\/wp-json\/wp\/v2\/users\/3"}],"replies":[{"embeddable":true,"href":"https:\/\/bancos.com\/en\/wp-json\/wp\/v2\/comments?post=699"}],"version-history":[{"count":27,"href":"https:\/\/bancos.com\/en\/wp-json\/wp\/v2\/pages\/699\/revisions"}],"predecessor-version":[{"id":4498,"href":"https:\/\/bancos.com\/en\/wp-json\/wp\/v2\/pages\/699\/revisions\/4498"}],"up":[{"embeddable":true,"href":"https:\/\/bancos.com\/en\/wp-json\/wp\/v2\/pages\/698"}],"wp:attachment":[{"href":"https:\/\/bancos.com\/en\/wp-json\/wp\/v2\/media?parent=699"}],"curies":[{"name":"wp","href":"https:\/\/api.w.org\/{rel}","templated":true}]}}